{"id":17832,"date":"2025-09-16T00:27:47","date_gmt":"2025-09-15T22:27:47","guid":{"rendered":"https:\/\/alvismobile.es\/?post_type=product&#038;p=17832"},"modified":"2025-09-16T00:27:48","modified_gmt":"2025-09-15T22:27:48","slug":"oneplus-nord-ce-5-5g-8gb-256gb-negro","status":"publish","type":"product","link":"https:\/\/alvismobile.es\/index.php\/producto\/oneplus-nord-ce-5-5g-8gb-256gb-negro\/","title":{"rendered":"Oneplus Nord CE 5 5G 8GB\/256GB Negro"},"content":{"rendered":"<section id=\"product-body-footer\" class=\"clearfix\">\n<div class=\"clearfix tabsSection\">\n<div class=\"tab-content\">\n<div id=\"description\">\n<h2>Sobre el Oneplus Nord CE 5<\/h2>\n<p>Siguiendo la estela de sus hermanos mayores, monta un\u00a0<strong>panel Super Fluid AMOLED<\/strong>\u00a0de 6.77 pulgadas, con tasa de refresco de 120 Hz y resoluci\u00f3n FullHD+. Destaca por su\u00a0<strong>brillo m\u00e1ximo de 1300 nits<\/strong>\u00a0y que cuenta con todas las certificaciones para reproducir contenido en HDR en Netflix y Prime Video, as\u00ed como ser compatible con HDR10+.<\/p>\n<h3>Procesador MediaTek<\/h3>\n<p>En su interior, monta un\u00a0<strong>procesador MediaTek Dimensity 8350 Apex<\/strong>, una plataforma de ocho n\u00facleos con un core a 3.55 GHz, tres a 3.2 GHz y cuatro a 2.2 GHz. Su memoria RAM de 8 GB es expandible de manera virtual y su capacidad de almacenamiento de 256GB se puede ampliar mediante una tarjeta SD de hasta 1 TB.<\/p>\n<h3>Android 15 con cuatro a\u00f1os de actualizaciones<\/h3>\n<p>Llega a tus manos con el\u00a0<strong>sistema operativo OxygenOS 15<\/strong>\u00a0basado en Android 15 y que llega con la inteligencia artificial OnePlus AI y sus opciones de productividad. Adem\u00e1s, recibir\u00e1 cuatro a\u00f1os de actualizaciones de Android y seis de parches de seguridad.<\/p>\n<h3>Bater\u00eda para dos d\u00edas de energ\u00eda<\/h3>\n<p>Monta una\u00a0<strong>bater\u00eda de 5200 mAh<\/strong>\u00a0que promete casi dos d\u00edas de autonom\u00eda. Adem\u00e1s, cuenta con\u00a0<strong>carga SuperVOOC de 80W\u00a0<\/strong>para que, en s\u00f3lo 10 minutos, puedas conseguir hasta 6 horas de reproducci\u00f3n.<\/p>\n<h3>C\u00e1mara doble de 50 MPx<\/h3>\n<p>Por \u00faltimo, su\u00a0<strong>combinaci\u00f3n de c\u00e1maras<\/strong>\u00a0compuesta por un\u00a0<strong>sensor Sony Lytia 600 de 50 MPx<\/strong>, un gran angular de 8 MPx OmniVision OV08D10 para tomar buenas fotos panor\u00e1micas y una\u00a0<strong>lente Sony IMX480 de 16 Mpx<\/strong>\u00a0para los selfies.<\/p>\n<table class=\"spec_table table-ppo\">\n<tbody>\n<tr>\n<td colspan=\"2\">Especificaciones t\u00e9cnicas Oneplus Nord CE 5 5G 8GB\/256GB Negro<\/td>\n<\/tr>\n<tr>\n<td colspan=\"2\">Sistema<\/td>\n<\/tr>\n<tr>\n<td>Sistema operativo:<\/td>\n<td>OxygenOS 15 basado en Android 15<\/td>\n<\/tr>\n<tr>\n<td>Procesador:<\/td>\n<td>Octa Core, MediaTek Dimensity 8350 Apex, 1x 3.35 GHz ARM Cortex A715, 3x 3.2 GHz ARM Cortex-A715, 4x 2.2 GHz ARM Cortex-A510<\/td>\n<\/tr>\n<tr>\n<td>Gr\u00e1fica:<\/td>\n<td>ARM G615 MC6<\/td>\n<\/tr>\n<tr>\n<td>RAM:<\/td>\n<td>8 GB LPDDR5X a 4266 MHz, Expandible en hasta 8 GB<\/td>\n<\/tr>\n<tr>\n<td>Memoria interna:<\/td>\n<td>256 GB<\/td>\n<\/tr>\n<tr>\n<td>Tarjeta SD:<\/td>\n<td>S\u00ed, expandible en hasta 1 TB con tarjeta SD<\/td>\n<\/tr>\n<tr>\n<td>SIM:<\/td>\n<td>DualSim<\/td>\n<\/tr>\n<tr>\n<td>Tipo tarjeta:<\/td>\n<td>Nano SIM \/ Nano SIM<\/td>\n<\/tr>\n<tr>\n<td>Idioma:<\/td>\n<td>Multi Idioma (Incluye Espa\u00f1ol y Portugu\u00e9s)<\/td>\n<\/tr>\n<tr>\n<td>Play Store:<\/td>\n<td>S\u00ed<\/td>\n<\/tr>\n<tr>\n<td colspan=\"2\">Pantalla<\/td>\n<\/tr>\n<tr>\n<td>Caracter\u00edsticas:<\/td>\n<td>6.77&#8243; Super Fluid AMOLED<\/td>\n<\/tr>\n<tr>\n<td>Definici\u00f3n:<\/td>\n<td>FullHD+<\/td>\n<\/tr>\n<tr>\n<td>Resoluci\u00f3n:<\/td>\n<td>2392 x 1080 p\u00edxeles<\/td>\n<\/tr>\n<tr>\n<td>Densidad:<\/td>\n<td>450 ppi<\/td>\n<\/tr>\n<tr>\n<td>Proporci\u00f3n de visualizaci\u00f3n de pantalla:<\/td>\n<td>94.1%<\/td>\n<\/tr>\n<tr>\n<td>Relaci\u00f3n de aspecto:<\/td>\n<td>19.9:9<\/td>\n<\/tr>\n<tr>\n<td>Frecuencia de actualizaci\u00f3n:<\/td>\n<td>hasta 120 Hz<\/td>\n<\/tr>\n<tr>\n<td>Respuesta t\u00e1ctil:<\/td>\n<td>120 Hz\/Hasta 3000 Hz (OTA)<\/td>\n<\/tr>\n<tr>\n<td>HBM t\u00edpico\/m\u00e1ximo:<\/td>\n<td>800\/1430 nits<\/td>\n<\/tr>\n<tr>\n<td>Otras caracter\u00edsticas:<\/td>\n<td>soporta sRGB, pantalla P3, profundidad de color 10-bit, HDR10+, certificados HD y HDR Netflix y Amazon Prime Video<\/td>\n<\/tr>\n<tr>\n<td>Modos:<\/td>\n<td>Dark Mode,\u00a0Manual Brightness,\u00a0Auto Brightness,\u00a0Bed time mode,\u00a0Eye Comfort \/ Night Mode,\u00a0Screen Colour Mode,\u00a0Screen Colour Temperature<\/td>\n<\/tr>\n<tr>\n<td colspan=\"2\">C\u00e1mara<\/td>\n<\/tr>\n<tr>\n<td>Frontal:<\/td>\n<td>16 MP &#8211; f\/2.4, sensor Sony IMX480<\/td>\n<\/tr>\n<tr>\n<td>Trasera:<\/td>\n<td>C\u00e1mara de 50 Mpx &#8211; f\/1.8, Sensor Sony LYT600 CMOS, con OIS +C\u00e1mara Ultra Gran Angular de 8 MPx, f\/2.2, sensor OV08D10, campo de visi\u00f3n de 112\u00ba, zpp, 0.6x-20x digital para fotos, 0.6x-10x digital para v\u00eddeo<\/td>\n<\/tr>\n<tr>\n<td>Flash:<\/td>\n<td>LED<\/td>\n<\/tr>\n<tr>\n<td colspan=\"2\">Formatos soportados<\/td>\n<\/tr>\n<tr>\n<td>Audio:<\/td>\n<td>AAC, AMR \/ AMR-NB \/ GSM-AMR, aptX \/ apt-X, aptX HD \/ apt-X HD \/ aptX Lossless, FLAC, MIDI, MP3, OGG, WAV, APE, LDAC, LHDC, SBC<\/td>\n<\/tr>\n<tr>\n<td>Video:<\/td>\n<td>AVI, MKV, MP4, VP12, VP9, 3GP, MOV, FLV, HEVC, AVC<\/td>\n<\/tr>\n<tr>\n<td>Im\u00e1genes:<\/td>\n<td>gif, jpeg, png, bmp<\/td>\n<\/tr>\n<tr>\n<td colspan=\"2\">Sensores<\/td>\n<\/tr>\n<tr>\n<td>Aceler\u00f3metro:<\/td>\n<td>S\u00ed<\/td>\n<\/tr>\n<tr>\n<td>Giroscopio:<\/td>\n<td>S\u00ed<\/td>\n<\/tr>\n<tr>\n<td>Proximidad:<\/td>\n<td>S\u00ed<\/td>\n<\/tr>\n<tr>\n<td>Luz:<\/td>\n<td>S\u00ed<\/td>\n<\/tr>\n<tr>\n<td>Br\u00fajula electr\u00f3nica:<\/td>\n<td>S\u00ed<\/td>\n<\/tr>\n<tr>\n<td>Sensor Hall:<\/td>\n<td>S\u00ed<\/td>\n<\/tr>\n<tr>\n<td>Control remoto por infrarrojos:<\/td>\n<td>S\u00ed<\/td>\n<\/tr>\n<tr>\n<td>Sensor de huellas dactilares en pantalla:<\/td>\n<td>S\u00ed<\/td>\n<\/tr>\n<tr>\n<td colspan=\"2\">Conectividad<\/td>\n<\/tr>\n<tr>\n<td>Redes 2G (GSM):<\/td>\n<td>1250\/900\/11200\/1900 MHz<\/td>\n<\/tr>\n<tr>\n<td>Redes 3G (WCDMA):<\/td>\n<td>1250\/900\/11200\/1900 MHz<\/td>\n<\/tr>\n<tr>\n<td>Redes 4G (LTE):<\/td>\n<td>2100 \/ 1900 \/ 11200 \/ 1700 \/ 1250 \/ 2600 \/ 900 \/ 700 \/ 700 \/ 1200 \/ 1250 \/ 1200 \/ 1250 \/ 700 \/ 1500 \/ 1700<\/td>\n<\/tr>\n<tr>\n<td>Redes 5G (NR):<\/td>\n<td>2100 \/ 1900 \/ 11200 \/ 1250 \/ 2600 \/ 900 \/ 700 \/ 1200 \/ 700 \/ 2600 \/ 2300 \/ 2500 \/ 1700 \/ 1500 \/ 3700 \/ 3500<\/td>\n<\/tr>\n<tr>\n<td>Wifi:<\/td>\n<td>2&#215;2 MIMO, admite Wi-Fi6 (1202.11ax), Wi-Fi5 (1202.11ac), 1202.11a\/b\/g\/n, WLAN 2.4G\/WLAN 5G, pantalla WLAN, punto de acceso WLAN<\/td>\n<\/tr>\n<tr>\n<td>Bluetooth:<\/td>\n<td>5.4<\/td>\n<\/tr>\n<tr>\n<td>Radio FM:<\/td>\n<td>No<\/td>\n<\/tr>\n<tr>\n<td>GPS:<\/td>\n<td>GNSS Beidou, GPS, GLONASS, Galileo y QZSS<\/td>\n<\/tr>\n<tr>\n<td>Bloqueo regional:<\/td>\n<td>No<\/td>\n<\/tr>\n<tr>\n<td>Cuatribanda:<\/td>\n<td>S\u00ed<\/td>\n<\/tr>\n<tr>\n<td>USB:<\/td>\n<td>USB-C 2.0<\/td>\n<\/tr>\n<tr>\n<td>NFC:<\/td>\n<td>S\u00ed<\/td>\n<\/tr>\n<tr>\n<td colspan=\"2\">Dimensiones<\/td>\n<\/tr>\n<tr>\n<td>Pulgadas:<\/td>\n<td>6.77&#8243;<\/td>\n<\/tr>\n<tr>\n<td>Tama\u00f1o:<\/td>\n<td>163.58 x 76.02 x 8.17 mm<\/td>\n<\/tr>\n<tr>\n<td>Peso:<\/td>\n<td>199 g<\/td>\n<\/tr>\n<tr>\n<td colspan=\"2\">Bater\u00eda<\/td>\n<\/tr>\n<tr>\n<td>Capacidad:<\/td>\n<td>5200 mAh<\/td>\n<\/tr>\n<tr>\n<td>Carga r\u00e1pida:<\/td>\n<td>80 W SUPERVOOC<\/td>\n<\/tr>\n<tr>\n<td colspan=\"2\">Contenido de la caja<\/td>\n<\/tr>\n<tr>\n<td>1 x<\/td>\n<td>Oneplus Nord CE 5 5G 8GB\/256GB Negro<\/td>\n<\/tr>\n<tr>\n<td>1 x<\/td>\n<td>Cable USB-A a USB-C<\/td>\n<\/tr>\n<tr>\n<td>1 x<\/td>\n<td>Protector de pantalla (aplicado de f\u00e1brica)<\/td>\n<\/tr>\n<tr>\n<td>1 x<\/td>\n<td>Herramienta de extracci\u00f3n SIM<\/td>\n<\/tr>\n<tr>\n<td>1 x<\/td>\n<td>Manual de usuario<\/td>\n<\/tr>\n<\/tbody>\n<\/table>\n<\/div>\n<div id=\"productInterPage76\" class=\"clearfix pageZoneFooterProd\">\n<div class=\"content\"><\/div>\n<\/div>\n<\/div>\n<\/div>\n<\/section>\n<section id=\"product-related-categories\" class=\"clearfix\">\n<div class=\"content\"><\/div>\n<\/section>\n","protected":false},"excerpt":{"rendered":"<p>Sobre el Oneplus Nord CE 5 Siguiendo la estela de sus hermanos mayores, monta un\u00a0panel Super Fluid AMOLED\u00a0de 6.77 pulgadas, con tasa de refresco de 120 Hz y resoluci\u00f3n FullHD+. Destaca por su\u00a0brillo m\u00e1ximo de 1300 nits\u00a0y que cuenta con todas las certificaciones para reproducir contenido en HDR en Netflix y Prime Video, as\u00ed como [&hellip;]<\/p>\n","protected":false},"featured_media":17833,"comment_status":"open","ping_status":"closed","template":"","meta":{"inline_featured_image":false,"_joinchat":[]},"product_brand":[],"product_cat":[15],"product_tag":[],"class_list":{"0":"post-17832","1":"product","2":"type-product","3":"status-publish","4":"has-post-thumbnail","6":"product_cat-sin-categorizar","8":"first","9":"instock","10":"taxable","11":"shipping-taxable","12":"purchasable","13":"product-type-simple"},"_links":{"self":[{"href":"https:\/\/alvismobile.es\/index.php\/wp-json\/wp\/v2\/product\/17832","targetHints":{"allow":["GET"]}}],"collection":[{"href":"https:\/\/alvismobile.es\/index.php\/wp-json\/wp\/v2\/product"}],"about":[{"href":"https:\/\/alvismobile.es\/index.php\/wp-json\/wp\/v2\/types\/product"}],"replies":[{"embeddable":true,"href":"https:\/\/alvismobile.es\/index.php\/wp-json\/wp\/v2\/comments?post=17832"}],"wp:featuredmedia":[{"embeddable":true,"href":"https:\/\/alvismobile.es\/index.php\/wp-json\/wp\/v2\/media\/17833"}],"wp:attachment":[{"href":"https:\/\/alvismobile.es\/index.php\/wp-json\/wp\/v2\/media?parent=17832"}],"wp:term":[{"taxonomy":"product_brand","embeddable":true,"href":"https:\/\/alvismobile.es\/index.php\/wp-json\/wp\/v2\/product_brand?post=17832"},{"taxonomy":"product_cat","embeddable":true,"href":"https:\/\/alvismobile.es\/index.php\/wp-json\/wp\/v2\/product_cat?post=17832"},{"taxonomy":"product_tag","embeddable":true,"href":"https:\/\/alvismobile.es\/index.php\/wp-json\/wp\/v2\/product_tag?post=17832"}],"curies":[{"name":"wp","href":"https:\/\/api.w.org\/{rel}","templated":true}]}}